{"id":2515,"date":"2024-11-28T15:54:16","date_gmt":"2024-11-28T15:54:16","guid":{"rendered":"https:\/\/vadotech.com\/careers\/"},"modified":"2026-02-20T09:57:30","modified_gmt":"2026-02-20T09:57:30","slug":"karriere","status":"publish","type":"page","link":"https:\/\/vadotech.com\/de\/karriere\/","title":{"rendered":"Karriere"},"content":{"rendered":"<section class=\"standard-hero-block title-bg-medium bg-backward js-standard-hero-block block  remove-bottom-spacing\" >\n   <div class=\"standard-hero-block__wrap\">\n        <!-- START: Desktop img option -->\n         \n        <div class=\"standard-hero-block__img mobile_active_hero\">\n                <span class=\"standard-hero-desk__img\" data-lazy >\r\n                    <img decoding=\"async\" data-lazy-placeholder src=\"https:\/\/vadotech.com\/app\/uploads\/2025\/03\/careers-hero-1-300x169.png\" alt=\"\">\r\n        \r\n                    <img data-lazy-full=\"https:\/\/vadotech.com\/app\/uploads\/2025\/03\/careers-hero-1-1024x576.png\" alt=\"\" data-is-lazy>\r\n            <\/span>\r\n\r\n        <\/div>\n                <!-- START: Desktop img option -->\n        <!-- START: Mobile img option -->\n          \n        <div class=\"standard-hero-block__mobile-img\">\n                <span class=\"standard-hero-mobile__img\" data-lazy >\r\n                    <img decoding=\"async\" data-lazy-placeholder src=\"https:\/\/vadotech.com\/app\/uploads\/2025\/03\/careers-hero-300x169.png\" alt=\"\">\r\n        \r\n                    <img data-lazy-full=\"https:\/\/vadotech.com\/app\/uploads\/2025\/03\/careers-hero-1024x576.png\" alt=\"\" data-is-lazy>\r\n            <\/span>\r\n\r\n        <\/div>\n                 <!-- END: Mobile img option -->\n        <div class=\"container \">\n            <div class=\"standard-hero-block__caption\">\n                <div class=\"standard-hero-block__breadcrumbs\">\n                   <div id=\"breadcrumbs\" class=\"breadcrumbs\"><span><span><a href=\"https:\/\/vadotech.com\/de\/\">Startseite<\/a><\/span><\/span><\/div>                <\/div>\n                <h1>Beginnen Sie Ihr n\u00e4chstes Kapitel bei uns<\/h1>\n            <\/div>\n        <\/div>\n    <\/div>\n<\/section>\n\n\n<section class=\"text-media-block bg-gray media-right js-text-media-block block  remove-top-spacing\" >\n     <div class=\"text-media-block__wrap\">\n        <div class=\"container \">\n            <div class=\"text-media-block__row\">\n                <div class=\"text-media-block__media-col\">\n                    <!-- Optional title for mobile -->    \n                    <div class=\"text-media-block__mobile-heading\">\n                        <h2><\/h2>\n                    <\/div>\n                   \n                    <!-- image option -->\n                      \n                   <figure>\n                        <img decoding=\"async\" src=\"https:\/\/vadotech.com\/app\/uploads\/2025\/03\/careers-page-second-image.png\" alt=\"\" \/>\n                    <\/figure> \n                   \n                     \n                <\/div> \n                <div class=\"text-media-block__desc-col\">\n                                       <div class=\"wysiwyg\">\n                                              <p><strong>Wir testen Fahrzeuge auf der ganzen Welt. Begleiten Sie uns auf dieser Reise?<\/strong><\/p>\n                        \n                        <p>Seit fast 30 Jahren ist VadoTech ein Vorreiter in der Fahrzeugerprobung und arbeitet mit den weltweit f\u00fchrenden Automobilherstellern vom Prototyp bis zur Serienfertigung zusammen. Bei uns gestalten Sie die n\u00e4chste Generation von Fahrzeugmodellen mit und lernen gleichzeitig neue Kulturen aus aller Welt kennen. <\/p>\n<p>Unsere Projekte reichen \u00fcber Deutschland hinaus und bieten auch spannende M\u00f6glichkeiten in Asien und Nordamerika. Wir suchen leidenschaftliche Talente, die mit Begeisterung an den Automobiltechnologien von morgen arbeiten m\u00f6chten, sowie alle, die gerne reisen.<\/p>\n                    <\/div>\n                <\/div>\n            <\/div>\n        <\/div>\n    <\/div>\n<\/section>\n\n\n  <section class=\"icon-text-block four-column bg-yellow mobile-one-column js-icon-text-block block\" >\n    <div class=\"icon-text-block__wrap\">\n      <div class=\"container \">\n                  <div class=\"icon-text-block__section-title\">\n            <h2>Warum bei VadoTech arbeiten?<\/h2>\n          <\/div>\n                <div class=\"icon-text-block__row\">\n                      <div class=\"icon-text-block__column\">\n              <div class=\"icon-text-block__icon-box\">\n                                  <div class=\"icon-text-block__icon-box__icon-img\">\n                    <img decoding=\"async\" src=\"https:\/\/vadotech.com\/app\/uploads\/2025\/04\/VT_ICON_DYNAMIC.png\" alt=\"\" \/>\n                  <\/div>\n                                <div class=\"icon-text-block__content\">\n                                                                          <p>Bei VadoTech arbeiten wir st\u00e4ndig an neuen und innovativen Projekten. Ganz gleich, ob Sie ein neues Kapitel aufschlagen oder beruflich einen Gang h\u00f6her schalten m\u00f6chten: Sie erhalten die M\u00f6glichkeit, sich in einem dynamischen, schnelllebigen Umfeld neuen Herausforderungen zu stellen.<\/p>\n                                  <\/div>\n              <\/div>\n            <\/div>\n                      <div class=\"icon-text-block__column\">\n              <div class=\"icon-text-block__icon-box\">\n                                  <div class=\"icon-text-block__icon-box__icon-img\">\n                    <img decoding=\"async\" src=\"https:\/\/vadotech.com\/app\/uploads\/2025\/04\/VT_ICON_GROWTH.png\" alt=\"\" \/>\n                  <\/div>\n                                <div class=\"icon-text-block__content\">\n                                                                          <p>Wir wollen Ihnen helfen, sich pers\u00f6nlich und beruflich weiterzuentwickeln. Dank laufender Fortbildungs- und Entwicklungsm\u00f6glichkeiten k\u00f6nnen Sie sich bei VadoTech kontinuierlich weiterentwickeln.<\/p>\n                                  <\/div>\n              <\/div>\n            <\/div>\n                      <div class=\"icon-text-block__column\">\n              <div class=\"icon-text-block__icon-box\">\n                                  <div class=\"icon-text-block__icon-box__icon-img\">\n                    <img decoding=\"async\" src=\"https:\/\/vadotech.com\/app\/uploads\/2025\/04\/VT_ICON_COLLABORATION.png\" alt=\"\" \/>\n                  <\/div>\n                                <div class=\"icon-text-block__content\">\n                                                                          <p>Zusammenarbeit ist das Herzst\u00fcck unserer T\u00e4tigkeit. Bei VadoTech arbeiten Sie mit Kolleginnen und Kollegen zusammen, die mit Leidenschaft bei der Sache sind und Ihnen zum Erfolg verhelfen wollen.<\/p>\n                                  <\/div>\n              <\/div>\n            <\/div>\n                      <div class=\"icon-text-block__column\">\n              <div class=\"icon-text-block__icon-box\">\n                                  <div class=\"icon-text-block__icon-box__icon-img\">\n                    <img decoding=\"async\" src=\"https:\/\/vadotech.com\/app\/uploads\/2025\/04\/VT_ICON_GLOBAL.png\" alt=\"\" \/>\n                  <\/div>\n                                <div class=\"icon-text-block__content\">\n                                                                          <p>Wir bei VadoTech glauben, dass uns unterschiedliche Hintergr\u00fcnde und Erfahrungen st\u00e4rker machen. Wir begr\u00fc\u00dfen Quereinsteiger aus allen Bereichen und sch\u00e4tzen die einzigartigen Perspektiven, die sie mit sich bringen.<\/p>\n                                  <\/div>\n              <\/div>\n            <\/div>\n                  <\/div>\n      <\/div>\n    <\/div>\n  <\/section>\n\n\n<section class=\"testimonial-block js-testimonial-block block\" >\n    <div class=\"container \">\n        <div class=\"testimonial-block__slider\">\n              \n            <div class=\"testimonial-block__slidercolumn\">\n                <div class=\"testimonial-block__slidercol\">\n                                      <blockquote>\n                        <p>Meine letzten sechs Jahre bei VadoTech waren eine fantastische Erfahrung. Mit am meisten sch\u00e4tze ich die angenehme und unkomplizierte Zusammenarbeit mit Kolleginnen und Kollegen aus verschiedenen Niederlassungen. Alle sind sehr hilfsbereit und wir arbeiten wirklich gut miteinander zusammen, unabh\u00e4ngig davon, wo wir uns befinden. <\/p>\n                    <\/blockquote>\n                                                         <div class=\"testimonial-block__author\">\n                        <h6>Suriana Z.,<\/h6>\n                        <p>Kundenbetreuerin<\/p>\n                    <\/div>\n                       \n                <\/div>\n            <\/div>\n            \n            <div class=\"testimonial-block__slidercolumn\">\n                <div class=\"testimonial-block__slidercol\">\n                                      <blockquote>\n                        <p>Ich arbeite nun schon seit \u00fcber 20 Jahren bei VadoTech. Was mit praktischer Erfahrung in der Fahrzeugerprobung begann, hat schlie\u00dflich dazu gef\u00fchrt, dass ich die Verantwortung f\u00fcr den IT-Bereich \u00fcbernahm. Die tolle Zusammenarbeit mit den Kolleginnen und Kollegen, die spannenden Arbeitsumgebungen und die sich st\u00e4ndig weiterentwickelnden Herausforderungen waren im Laufe der Jahre wirklich bereichernd \u2013 langweilig wird es nie.<\/p>\n                    <\/blockquote>\n                                                         <div class=\"testimonial-block__author\">\n                        <h6>Heiko H.,<\/h6>\n                        <p>Gesch\u00e4ftsf\u00fchrer<\/p>\n                    <\/div>\n                       \n                <\/div>\n            <\/div>\n            \n            <div class=\"testimonial-block__slidercolumn\">\n                <div class=\"testimonial-block__slidercol\">\n                                      <blockquote>\n                        <p>Ich hatte das Privileg, an spannenden und herausfordernden Projekten zu arbeiten, und habe dabei viel von meinen Kolleginnen und Kollegen gelernt. Das Arbeitsumfeld bei VadoTech ist sehr unterst\u00fctzend und f\u00f6rdert die Weiterentwicklung. Ich bin gespannt, was ich in Zukunft noch lernen und beitragen kann.<\/p>\n                    <\/blockquote>\n                                                         <div class=\"testimonial-block__author\">\n                        <h6>Zhao M.,<\/h6>\n                        <p>Techniker<\/p>\n                    <\/div>\n                       \n                <\/div>\n            <\/div>\n                  <\/div>\n    <\/div>\n<\/section>\n\n\n  <section class=\"icon-text-block three-column bg-green-solid mobile-one-column js-icon-text-block block\" >\n    <div class=\"icon-text-block__wrap\">\n      <div class=\"container \">\n                  <div class=\"icon-text-block__section-title\">\n            <h2>Unsere Werte<\/h2>\n          <\/div>\n                <div class=\"icon-text-block__row\">\n                      <div class=\"icon-text-block__column\">\n              <div class=\"icon-text-block__icon-box\">\n                                  <div class=\"icon-text-block__icon-box__icon-img\">\n                    <img decoding=\"async\" src=\"https:\/\/vadotech.com\/app\/uploads\/2025\/04\/VT_ICON_CUSTOMERS.png\" alt=\"\" \/>\n                  <\/div>\n                                <div class=\"icon-text-block__content\">\n                                                        <h4>Kunden<\/h4>\n                                                        <p>Wir schaffen wertvolle Partnerschaften mit unseren Kunden und sind stets bestrebt, in enger Zusammenarbeit ihre Anforderungen genau zu verstehen und zu erf\u00fcllen.<\/p>\n                                  <\/div>\n              <\/div>\n            <\/div>\n                      <div class=\"icon-text-block__column\">\n              <div class=\"icon-text-block__icon-box\">\n                                  <div class=\"icon-text-block__icon-box__icon-img\">\n                    <img decoding=\"async\" src=\"https:\/\/vadotech.com\/app\/uploads\/2025\/04\/VT_ICON_PEOPLE.png\" alt=\"\" \/>\n                  <\/div>\n                                <div class=\"icon-text-block__content\">\n                                                        <h4>Mitarbeitende<\/h4>\n                                                        <p>Wir st\u00e4rken unsere Mitarbeitenden, indem wir uns gegenseitig unterst\u00fctzen und herausfordern, um gemeinsam erfolgreich zu sein. Integrit\u00e4t und Respekt stehen bei allem, was wir tun, an erster Stelle.<\/p>\n                                  <\/div>\n              <\/div>\n            <\/div>\n                      <div class=\"icon-text-block__column\">\n              <div class=\"icon-text-block__icon-box\">\n                                  <div class=\"icon-text-block__icon-box__icon-img\">\n                    <img decoding=\"async\" src=\"https:\/\/vadotech.com\/app\/uploads\/2025\/04\/VT_ICON_DIVERSITY.png\" alt=\"\" \/>\n                  <\/div>\n                                <div class=\"icon-text-block__content\">\n                                                        <h4>Vielfalt<\/h4>\n                                                        <p>Wir sind uns bewusst, wie wichtig es ist, unsere Kultur unsere\u00a0und Praktiken durch vielf\u00e4ltige Meinungen, F\u00e4higkeiten und Menschen zu st\u00e4rken, zu verbessern und zu bereichern.<\/p>\n                                  <\/div>\n              <\/div>\n            <\/div>\n                      <div class=\"icon-text-block__column\">\n              <div class=\"icon-text-block__icon-box\">\n                                  <div class=\"icon-text-block__icon-box__icon-img\">\n                    <img decoding=\"async\" src=\"https:\/\/vadotech.com\/app\/uploads\/2025\/04\/VT_ICON_INNOVATION.png\" alt=\"\" \/>\n                  <\/div>\n                                <div class=\"icon-text-block__content\">\n                                                        <h4>Innovation<\/h4>\n                                                        <p>Wir f\u00f6rdern Kreativit\u00e4t, indem wir unseren Mitarbeitenden den Raum bieten, das \u201eJetzt\u201c zu hinterfragen und die Zukunft zu gestalten.<\/p>\n                                  <\/div>\n              <\/div>\n            <\/div>\n                      <div class=\"icon-text-block__column\">\n              <div class=\"icon-text-block__icon-box\">\n                                  <div class=\"icon-text-block__icon-box__icon-img\">\n                    <img decoding=\"async\" src=\"https:\/\/vadotech.com\/app\/uploads\/2025\/04\/VT_ICON_EXCELLENCE.png\" alt=\"\" \/>\n                  <\/div>\n                                <div class=\"icon-text-block__content\">\n                                                        <h4>Erstklassige Leistungen<\/h4>\n                                                        <p>Wir geben uns niemals mit dem Status quo zufrieden. Wir investieren in unsere Mitarbeitenden, Produkte und Prozesse und f\u00f6rdern das Lernen und die Weiterentwicklung, um unseren Kunden erstklassige Leistungen und Produkte zu liefern.<\/p>\n                                  <\/div>\n              <\/div>\n            <\/div>\n                      <div class=\"icon-text-block__column\">\n              <div class=\"icon-text-block__icon-box\">\n                                  <div class=\"icon-text-block__icon-box__icon-img\">\n                    <img decoding=\"async\" src=\"https:\/\/vadotech.com\/app\/uploads\/2025\/04\/VT_ICON_RESPONSIBILITY.png\" alt=\"\" \/>\n                  <\/div>\n                                <div class=\"icon-text-block__content\">\n                                                        <h4>Verantwortung<\/h4>\n                                                        <p>Wir f\u00f6rdern eine Kultur der pers\u00f6nlichen Verantwortung und des Engagements f\u00fcr uns selbst, unsere Kunden, unsere Gesellschafter und die Umwelt. Wir sind immer auf der Suche nach M\u00f6glichkeiten, die Nachhaltigkeit unserer T\u00e4tigkeit weiter zu verbessern.<\/p>\n                                  <\/div>\n              <\/div>\n            <\/div>\n                  <\/div>\n      <\/div>\n    <\/div>\n  <\/section>\n\n\n<section class=\"process-carousel-block bg-white js-process-carousel-block block\" >\n    <div class=\"process-carousel-block__wrap\">\n        \n        <div class=\"process-carousel-block__heading\">\n            <h2>Unser Einstellungsprozess<\/h2>\n                    <\/div>\n       \n        <div class=\"process-carousel-block__slider\">\n            \n            <div class=\"process-carousel-block__item\">\n                 \n                <div class=\"process-carousel-block__number\">\n                    <img decoding=\"async\" src=\"https:\/\/vadotech.com\/app\/uploads\/2025\/03\/1.svg\" alt=\"\" \/>\n                <\/div>\n                               \n                <div class=\"process-carousel-block__info wysiwyg\">\n                    <h4>Senden Sie uns Ihren Lebenslauf<\/h4>\n                   <p>Damit wir uns ein m\u00f6glichst genaues Bild von Ihren Qualifikationen und Erfahrungen machen k\u00f6nnen, senden Sie uns bitte Ihren Lebenslauf in Bezug auf eine aktuelle Stellenausschreibung. Sobald wir Ihre Bewerbung erhalten haben, werden wir Ihnen den Eingang best\u00e4tigen.<\/p>\n                <\/div>\n                \n            <\/div>        \n             \n            <div class=\"process-carousel-block__item\">\n                 \n                <div class=\"process-carousel-block__number\">\n                    <img decoding=\"async\" src=\"https:\/\/vadotech.com\/app\/uploads\/2025\/03\/2.svg\" alt=\"\" \/>\n                <\/div>\n                               \n                <div class=\"process-carousel-block__info wysiwyg\">\n                    <h4>Pr\u00fcfung<\/h4>\n                   <p>Anschlie\u00dfend pr\u00fcfen wir, inwieweit Ihr Profil mit den Anforderungen der offenen Stelle \u00fcbereinstimmt. Wenn wir Fragen haben oder zus\u00e4tzliche Informationen ben\u00f6tigen, setzen wir uns mit Ihnen in Verbindung. Bitte geben Sie uns einige Tage Zeit, um Ihre Bewerbung zu pr\u00fcfen.<\/p>\n                <\/div>\n                \n            <\/div>        \n             \n            <div class=\"process-carousel-block__item\">\n                 \n                <div class=\"process-carousel-block__number\">\n                    <img decoding=\"async\" src=\"https:\/\/vadotech.com\/app\/uploads\/2025\/03\/3.svg\" alt=\"\" \/>\n                <\/div>\n                               \n                <div class=\"process-carousel-block__info wysiwyg\">\n                    <h4>Videoanruf<\/h4>\n                   <p>In einem ersten Gespr\u00e4ch mit einem bzw. einer unserer Recruiter:innen lernen wir Sie besser kennen und erfahren mehr \u00fcber Sie. Hier haben Sie auch die M\u00f6glichkeit, uns alle Fragen zu stellen, die Sie zu der Stelle oder unserem Unternehmen haben.<\/p>\n                <\/div>\n                \n            <\/div>        \n             \n            <div class=\"process-carousel-block__item\">\n                 \n                <div class=\"process-carousel-block__number\">\n                    <img decoding=\"async\" src=\"https:\/\/vadotech.com\/app\/uploads\/2025\/03\/4-2.svg\" alt=\"\" \/>\n                <\/div>\n                               \n                <div class=\"process-carousel-block__info wysiwyg\">\n                    <h4>Vorstellungsgespr\u00e4ch<\/h4>\n                   <p>Wenn das erste Gespr\u00e4ch erfolgreich war, laden wir Sie zu einem zweiten Gespr\u00e4ch ein. Je nach Ihrem Standort kann dies pers\u00f6nlich in Berlin oder per Videoanruf mit dem Personalverantwortlichen erfolgen. In diesem Gespr\u00e4ch erhalten Sie ausf\u00fchrliche Informationen \u00fcber die Stelle sowie \u00fcber die Vertragsbedingungen und andere Konditionen.<\/p>\n                <\/div>\n                \n            <\/div>        \n                    <\/div>\n    <\/div>\n<\/section>\n\n\n<section class=\"container-block\" style=\"background-color: #f5f5f5\" >\r\n        <div class=\"block  container  container--default  wysiwyg\">\r\n        \n<div class=\"at-spacer at-spacer--69ddefb86e566\" style=\"background-color: transparent\">\n<style>\n\/* Ultrawide *\/\n.at-spacer--69ddefb86e566 {\n    height: 65px;\n}\n\n\/* Desktop *\/\n@media (max-width: 1920px) {\n    .at-spacer--69ddefb86e566 {\n        height: 65px;\n    }\n}\n\n\/* Laptop *\/\n@media (max-width: 1024px) {\n    .at-spacer--69ddefb86e566 {\n        height: 45px;\n    }\n}\n\n\/* Mobile *\/\n@media (max-width: 767px) {\n    .at-spacer--69ddefb86e566 {\n        height: 45px;\n    }\n}\n<\/style>\n<\/div>\n\n\n\n<h2 class=\"wp-block-heading has-text-align-center\">Current vacancies<\/h2>\n\n\n\n<p class=\"has-text-align-center\">Ready for your next adventure? We have exciting opportunities in various departments and locations.<br>Check out our current vacancies now!<\/p>\n\n\n\n<div data-pinpoint-subdomain=\"abdynamics\" data-pinpoint-custom-structure-name=\"Custom\" data-pinpoint-division-filter-ids=\"13755\" data-pinpoint-division-filter-disabled=\"true\" data-pinpoint-primary-theme-color=\"#00424a\" data-pinpoint-secondary-theme-color=\"#e6e6e6\" data-pinpoint-highlight-theme-color=\"#d8ec29\" class=\"pinpoint-external-jobs-table-widget\">\n<\/div>\n\n\n<div class=\"at-spacer at-spacer--69ddefb86e816\" style=\"background-color: transparent\">\n<style>\n\/* Ultrawide *\/\n.at-spacer--69ddefb86e816 {\n    height: 65px;\n}\n\n\/* Desktop *\/\n@media (max-width: 1920px) {\n    .at-spacer--69ddefb86e816 {\n        height: 65px;\n    }\n}\n\n\/* Laptop *\/\n@media (max-width: 1024px) {\n    .at-spacer--69ddefb86e816 {\n        height: 45px;\n    }\n}\n\n\/* Mobile *\/\n@media (max-width: 767px) {\n    .at-spacer--69ddefb86e816 {\n        height: 45px;\n    }\n}\n<\/style>\n<\/div>\n\n\r\n    <\/div>\r\n<\/section>","protected":false},"excerpt":{"rendered":"","protected":false},"author":1,"featured_media":0,"parent":0,"menu_order":0,"comment_status":"closed","ping_status":"closed","template":"","meta":{"_acf_changed":false,"footnotes":""},"wf_page_folders":[],"class_list":["post-2515","page","type-page","status-publish","hentry"],"acf":[],"yoast_head":"<!-- This site is optimized with the Yoast SEO plugin v26.8 - https:\/\/yoast.com\/product\/yoast-seo-wordpress\/ -->\n<title>Karriere - Vadotech<\/title>\n<meta name=\"robots\" content=\"index, follow, max-snippet:-1, max-image-preview:large, max-video-preview:-1\" \/>\n<link rel=\"canonical\" href=\"https:\/\/vadotech.com\/de\/karriere\/\" \/>\n<meta property=\"og:locale\" content=\"de_DE\" \/>\n<meta property=\"og:type\" content=\"article\" \/>\n<meta property=\"og:title\" content=\"Karriere - Vadotech\" \/>\n<meta property=\"og:url\" content=\"https:\/\/vadotech.com\/de\/karriere\/\" \/>\n<meta property=\"og:site_name\" content=\"Vadotech\" \/>\n<meta property=\"article:modified_time\" content=\"2026-02-20T09:57:30+00:00\" \/>\n<meta property=\"og:image\" content=\"https:\/\/vadotech.com\/app\/uploads\/2025\/04\/VTZ_PRIMARY-gradient-1.png\" \/>\n\t<meta property=\"og:image:width\" content=\"1757\" \/>\n\t<meta property=\"og:image:height\" content=\"338\" \/>\n\t<meta property=\"og:image:type\" content=\"image\/png\" \/>\n<meta name=\"twitter:card\" content=\"summary_large_image\" \/>\n<meta name=\"twitter:label1\" content=\"Est. reading time\" \/>\n\t<meta name=\"twitter:data1\" content=\"7 minutes\" \/>\n<!-- \/ Yoast SEO plugin. -->","yoast_head_json":{"title":"Karriere - Vadotech","robots":{"index":"index","follow":"follow","max-snippet":"max-snippet:-1","max-image-preview":"max-image-preview:large","max-video-preview":"max-video-preview:-1"},"canonical":"https:\/\/vadotech.com\/de\/karriere\/","og_locale":"de_DE","og_type":"article","og_title":"Karriere - Vadotech","og_url":"https:\/\/vadotech.com\/de\/karriere\/","og_site_name":"Vadotech","article_modified_time":"2026-02-20T09:57:30+00:00","og_image":[{"width":1757,"height":338,"url":"https:\/\/vadotech.com\/app\/uploads\/2025\/04\/VTZ_PRIMARY-gradient-1.png","type":"image\/png"}],"twitter_card":"summary_large_image","twitter_misc":{"Est. reading time":"7 minutes"},"schema":{"@context":"https:\/\/schema.org","@graph":[{"@type":"WebPage","@id":"https:\/\/vadotech.com\/de\/karriere\/","url":"https:\/\/vadotech.com\/de\/karriere\/","name":"Karriere - Vadotech","isPartOf":{"@id":"https:\/\/vadotech.com\/de\/#website"},"datePublished":"2024-11-28T15:54:16+00:00","dateModified":"2026-02-20T09:57:30+00:00","breadcrumb":{"@id":"https:\/\/vadotech.com\/de\/karriere\/#breadcrumb"},"inLanguage":"de-DE","potentialAction":[{"@type":"ReadAction","target":["https:\/\/vadotech.com\/de\/karriere\/"]}]},{"@type":"BreadcrumbList","@id":"https:\/\/vadotech.com\/de\/karriere\/#breadcrumb","itemListElement":[{"@type":"ListItem","position":1,"name":"Startseite","item":"https:\/\/vadotech.com\/de\/"},{"@type":"ListItem","position":2,"name":"Karriere"}]},{"@type":"WebSite","@id":"https:\/\/vadotech.com\/de\/#website","url":"https:\/\/vadotech.com\/de\/","name":"Vadotech","description":"Worldwide vehicle test driving","publisher":{"@id":"https:\/\/vadotech.com\/de\/#organization"},"potentialAction":[{"@type":"SearchAction","target":{"@type":"EntryPoint","urlTemplate":"https:\/\/vadotech.com\/de\/?s={search_term_string}"},"query-input":{"@type":"PropertyValueSpecification","valueRequired":true,"valueName":"search_term_string"}}],"inLanguage":"de-DE"},{"@type":"Organization","@id":"https:\/\/vadotech.com\/de\/#organization","name":"Vadotech","url":"https:\/\/vadotech.com\/de\/","logo":{"@type":"ImageObject","inLanguage":"de-DE","@id":"https:\/\/vadotech.com\/de\/#\/schema\/logo\/image\/","url":"https:\/\/vadotech.com\/app\/uploads\/2025\/04\/VTZ_PRIMARY-gradient-1.png","contentUrl":"https:\/\/vadotech.com\/app\/uploads\/2025\/04\/VTZ_PRIMARY-gradient-1.png","width":1757,"height":338,"caption":"Vadotech"},"image":{"@id":"https:\/\/vadotech.com\/de\/#\/schema\/logo\/image\/"}}]}},"_links":{"self":[{"href":"https:\/\/vadotech.com\/de\/wp-json\/wp\/v2\/pages\/2515","targetHints":{"allow":["GET"]}}],"collection":[{"href":"https:\/\/vadotech.com\/de\/wp-json\/wp\/v2\/pages"}],"about":[{"href":"https:\/\/vadotech.com\/de\/wp-json\/wp\/v2\/types\/page"}],"author":[{"embeddable":true,"href":"https:\/\/vadotech.com\/de\/wp-json\/wp\/v2\/users\/1"}],"replies":[{"embeddable":true,"href":"https:\/\/vadotech.com\/de\/wp-json\/wp\/v2\/comments?post=2515"}],"version-history":[{"count":11,"href":"https:\/\/vadotech.com\/de\/wp-json\/wp\/v2\/pages\/2515\/revisions"}],"predecessor-version":[{"id":4192,"href":"https:\/\/vadotech.com\/de\/wp-json\/wp\/v2\/pages\/2515\/revisions\/4192"}],"wp:attachment":[{"href":"https:\/\/vadotech.com\/de\/wp-json\/wp\/v2\/media?parent=2515"}],"wp:term":[{"taxonomy":"wf_page_folders","embeddable":true,"href":"https:\/\/vadotech.com\/de\/wp-json\/wp\/v2\/wf_page_folders?post=2515"}],"curies":[{"name":"wp","href":"https:\/\/api.w.org\/{rel}","templated":true}]}}